{"id":5358,"date":"2021-06-24T13:02:32","date_gmt":"2021-06-24T13:02:32","guid":{"rendered":"https:\/\/www.badwinkel.be\/vintage-chique-7\/"},"modified":"2023-02-21T14:58:30","modified_gmt":"2023-02-21T14:58:30","slug":"salle-de-bain-nostalgique-2","status":"publish","type":"page","link":"https:\/\/www.badwinkel.be\/fr\/projets\/salle-de-bain-rustique\/salle-de-bain-nostalgique\/salle-de-bain-nostalgique-2\/","title":{"rendered":"Salle de bain nostalgique"},"content":{"rendered":"<section class=\"wpb-content-wrapper\"><p>[vc_row][vc_column width=\u00a0\u00bb1\/3&Prime;][vc_column_text]<\/p>\n<h3>Salle de bain nostalgique &#8211; Ancienne maison<\/h3>\n<p>Cette salle de bains rurale s&rsquo;inspire des bains nostalgiques et des thermes. Les anciens bains publics \u00e9taient des lieux de lavage publics pour l&rsquo;homme du peuple qui ne disposait g\u00e9n\u00e9ralement pas d&rsquo;installations sanitaires dans sa maison priv\u00e9e. Cette \u00e9volution s&rsquo;est accompagn\u00e9e d&rsquo;une plus grande attention port\u00e9e \u00e0 l&rsquo;hygi\u00e8ne et \u00e0 la sant\u00e9. Certains \u00e9tablissements de bains respiraient le luxe pur pour des bains prolong\u00e9s et, surtout, pour des contacts sociaux. Les toilettes \u00e9taient tr\u00e8s ouvertes et utilisaient souvent des carreaux dispos\u00e9s selon un beau motif. On voit aussi souvent ces carreaux dans les bains thermaux et les saunas, car ils retiennent bien la chaleur et le mat\u00e9riau est \u00e9galement chaud au toucher.<\/p>\n<p>Malgr\u00e9 le fait que la salle de bain de campagne soit sous le toit, nous avons une sensation tr\u00e8s ouverte dans la pi\u00e8ce. La baignoire autoportante \u00ab\u00a0Countess\u00a0\u00bb de la marque Kenny&amp;Mason occupe une place centrale sous le puits de lumi\u00e8re et attire imm\u00e9diatement le regard dans cette salle de bains campagnarde.<\/p>\n<p>&nbsp;<\/p>\n<p><a href=\"https:\/\/www.badwinkel.be\/merken\/kennymason\/\"><strong>Voir d&rsquo;autres bains ici :<\/strong><\/a>[\/vc_column_text][\/vc_column][vc_column width=\u00a0\u00bb1\/3&Prime;][vc_single_image image=\u00a0\u00bb4390&Prime; img_size=\u00a0\u00bb350&#215;460&Prime; onclick=\u00a0\u00bbimg_link_large\u00a0\u00bb][\/vc_column][vc_column width=\u00a0\u00bb1\/3&Prime;]\n<div class=\"wpcf7 no-js\" id=\"wpcf7-f1269-o1\" lang=\"nl-NL\" dir=\"ltr\" data-wpcf7-id=\"1269\">\n<div class=\"screen-reader-response\"><p role=\"status\" aria-live=\"polite\" aria-atomic=\"true\"><\/p> <ul><\/ul><\/div>\n<form action=\"\/fr\/wp-json\/wp\/v2\/pages\/5358#wpcf7-f1269-o1\" method=\"post\" class=\"wpcf7-form init\" aria-label=\"Contactformulier\" novalidate=\"novalidate\" data-status=\"init\">\n<fieldset class=\"hidden-fields-container\"><input type=\"hidden\" name=\"_wpcf7\" value=\"1269\" \/><input type=\"hidden\" name=\"_wpcf7_version\" value=\"6.1.5\" \/><input type=\"hidden\" name=\"_wpcf7_locale\" value=\"nl_NL\" \/><input type=\"hidden\" name=\"_wpcf7_unit_tag\" value=\"wpcf7-f1269-o1\" \/><input type=\"hidden\" name=\"_wpcf7_container_post\" value=\"0\" \/><input type=\"hidden\" name=\"_wpcf7_posted_data_hash\" value=\"\" \/><input type=\"hidden\" name=\"_wpcf7_recaptcha_response\" value=\"\" \/>\n<\/fieldset>\n<h3>Prenez rendez-vous\n<\/h3>\n\n<!-- CF7 Modules -->\n<div style='display:none;'><input type=\"hidden\" class=\"wpcf7-form-control wpcf7-hidden\" name=\"hidden-360\" placeholder=\"\" value=\"Salle de bain nostalgique\" \/>\n<input type=\"hidden\" class=\"wpcf7-form-control wpcf7-hidden\" name=\"GAid\" placeholder=\"\" value=\"\" \/>\n<\/div>\n<!-- End CF7 Modules -->\n\n<p>Votre nom\n<\/p>\n<p><span class=\"wpcf7-form-control-wrap\" data-name=\"your-name\"><input size=\"40\" maxlength=\"400\" class=\"wpcf7-form-control wpcf7-text wpcf7-validates-as-required\" aria-required=\"true\" aria-invalid=\"false\" value=\"\" type=\"text\" name=\"your-name\" \/><\/span>\n<\/p>\n<p>Votre e-mail\n<\/p>\n<p><span class=\"wpcf7-form-control-wrap\" data-name=\"your-email\"><input size=\"40\" maxlength=\"400\" class=\"wpcf7-form-control wpcf7-email wpcf7-validates-as-required wpcf7-text wpcf7-validates-as-email\" aria-required=\"true\" aria-invalid=\"false\" value=\"\" type=\"email\" name=\"your-email\" \/><\/span>\n<\/p>\n<p>Votre question\n<\/p>\n<p><span class=\"wpcf7-form-control-wrap\" data-name=\"your-message\"><textarea cols=\"40\" rows=\"3\" maxlength=\"2000\" class=\"wpcf7-form-control wpcf7-textarea\" aria-invalid=\"false\" name=\"your-message\"><\/textarea><\/span>\n<\/p>\n<p><input class=\"wpcf7-form-control wpcf7-submit has-spinner wpcf-submit vc_btn-black vc_btn-lg vc_btn_square_outlined\" type=\"submit\" value=\"Envoyer\" \/>\n<\/p><input type='hidden' class='wpcf7-pum' value='{\"closepopup\":false,\"closedelay\":0,\"openpopup\":false,\"openpopup_id\":0}' \/><div class=\"wpcf7-response-output\" aria-hidden=\"true\"><\/div>\n<\/form>\n<\/div>\n[\/vc_column][\/vc_row][vc_row][vc_column width=\u00a0\u00bb1\/3&Prime;][vc_single_image image=\u00a0\u00bb4382&Prime; img_size=\u00a0\u00bb350&#215;450&Prime; onclick=\u00a0\u00bbimg_link_large\u00a0\u00bb][\/vc_column][vc_column width=\u00a0\u00bb1\/3&Prime;][vc_single_image image=\u00a0\u00bb4388&Prime; img_size=\u00a0\u00bb350&#215;450&Prime; onclick=\u00a0\u00bbimg_link_large\u00a0\u00bb][\/vc_column][vc_column width=\u00a0\u00bb1\/3&Prime;][vc_single_image image=\u00a0\u00bb4395&Prime; img_size=\u00a0\u00bb350&#215;450&Prime; onclick=\u00a0\u00bbimg_link_large\u00a0\u00bb][\/vc_column][\/vc_row][vc_row][vc_column width=\u00a0\u00bb2\/3&Prime;][vc_single_image image=\u00a0\u00bb4386&Prime; img_size=\u00a0\u00bb740&#215;550&Prime; onclick=\u00a0\u00bbimg_link_large\u00a0\u00bb][\/vc_column][vc_column width=\u00a0\u00bb1\/3&Prime;][vc_column_text]Espace public<\/p>\n<p>Les carreaux souterrains antiques se poursuivent dans tout l&rsquo;espace. Le motif suit les coins et recoins de la salle de bain campagnarde. Le seul \u00e9l\u00e9ment s\u00e9pare dans cette salle de bain est la toilette. Ici, nous avons choisi un mod\u00e8le bas o\u00f9 le r\u00e9servoir d\u2019eau tombe juste sous le lambris et est agr\u00e9ment\u00e9e de supports d\u00e9coratifs chrom\u00e9s. Si vous optez pour un int\u00e9rieur nostalgique, un si\u00e8ge de toilette en acajou est un bel ajout. Dans ce cas, la couleur rouge du bois se d\u00e9marque de la palette de couleurs douces. Le lave-mains se montre sous la fen\u00eatre intime des toilettes de campagne. Dans cette salle de bains de campagne, c&rsquo;est la gamme de porcelaine London de la marque Kenny&amp;Mason qui a \u00e9t\u00e9 choisie. Ces \u00e9viers autoportants sont encore fabriqu\u00e9s en Angleterre. Le m\u00eame design se retrouve dans les toilettes, le lave-mains et le lavabo.<\/p>\n<p>Les douches de pluie de cette salle de bains campagnarde ne sont pas prot\u00e9g\u00e9es par un \u00e9cran ou un mur, mais seulement par une petite d\u00e9marcation dans le sol pour cr\u00e9er une sorte de bac \u00e0 douche. Deux douches ont \u00e9t\u00e9 plac\u00e9es l&rsquo;une \u00e0 c\u00f4t\u00e9 de l&rsquo;autre, cr\u00e9ant ainsi une sorte de zone de douche publique. La douche thermostatique Thames a \u00e9t\u00e9 choisie ici. Ce robinet de baignoire classique a un look fran\u00e7ais nostalgique qui se marie parfaitement avec les carreaux souterrains.<\/p>\n<p>&nbsp;<\/p>\n<p><a href=\"https:\/\/www.badwinkel.be\/producten\/douchekranen\/\"><strong>Voir toutes les douches:<\/strong><\/a>[\/vc_column_text][\/vc_column][\/vc_row][vc_row][vc_column][vc_separator][\/vc_column][\/vc_row][vc_row][vc_column width=\u00a0\u00bb1\/3&Prime;][vc_column_text]<\/p>\n<h3>Collection Thames<\/h3>\n<p>Dans cette salle de bains nostalgique, la collection Thames de Kenny&amp;Mason a \u00e9t\u00e9 choisie dans la finition chrom\u00e9e. La collection Thames se caract\u00e9rise par ses lignes d&rsquo;inspiration fran\u00e7aise et son caract\u00e8re ornemental. Il s&rsquo;agit du seul robinet de baignoire thermostatique de la collection Kenny&amp;Mason. Vous n&rsquo;avez donc pas besoin de vous changer pour obtenir la bonne temp\u00e9rature. Ce robinet de baignoire classique unique a non seulement un aspect luxueux mais offre \u00e9galement un confort moderne. Ce robinet classique est id\u00e9al pour une salle de bains nostalgique avec le confort de la technologie moderne.<\/p>\n<p>&nbsp;<\/p>\n<p><a href=\"https:\/\/www.badwinkel.be\/producten\/badkranen\/\"><strong>Voir les autres robinets de baignoire :<\/strong><\/a><\/p>\n<p><a href=\"https:\/\/www.badwinkel.be\/merken\/kennymason\/\"><strong>Voir la collection Thames :<\/strong><\/a>[\/vc_column_text][\/vc_column][vc_column width=\u00a0\u00bb1\/3&Prime;][vc_single_image image=\u00a0\u00bb4383&Prime; img_size=\u00a0\u00bb550x 800&Prime; onclick=\u00a0\u00bbimg_link_large\u00a0\u00bb][\/vc_column][vc_column width=\u00a0\u00bb1\/3&Prime;][vc_single_image image=\u00a0\u00bb4384&Prime; img_size=\u00a0\u00bb550&#215;800&Prime; onclick=\u00a0\u00bbimg_link_large\u00a0\u00bb][\/vc_column][\/vc_row][vc_row][vc_column][vc_separator][\/vc_column][\/vc_row][vc_row][vc_column width=\u00a0\u00bb2\/3&Prime;][vc_single_image image=\u00a0\u00bb4391&Prime; img_size=\u00a0\u00bblarge\u00a0\u00bb onclick=\u00a0\u00bbimg_link_large\u00a0\u00bb][\/vc_column][vc_column width=\u00a0\u00bb1\/3&Prime;][vc_column_text]<\/p>\n<h3>Sur mesure<\/h3>\n<p>Le robinet de lavabo classique est \u00e0 l&rsquo;origine un robinet m\u00e9langeur de la collection traditionnelle de <a href=\"https:\/\/www.badwinkel.be\/merken\/kennymason\/\"><strong>Kenny&amp;Mason<\/strong><\/a>. Il s&rsquo;agit d&rsquo;une belle gamme compacte avec des mod\u00e8les simples et traditionnels. Ici, vous avez le choix d&rsquo;opter pour une commande \u00e0 leviers ou \u00e0 croix. Comme le reste de la salle de bains campagnarde est d\u00e9cor\u00e9 de robinets classiques de la collection Thames, nous avons adapt\u00e9 tous les robinets avec des leviers Thames. Ainsi, le robinet de lavabo classique a \u00e9t\u00e9 adapt\u00e9 avec de belles boules d&rsquo;inspiration fran\u00e7aise, tout comme le robinet de baignoire, le robinet de douche et le robinet de bidet. Il est donc possible de composer votre robinet classique en fonction de vos besoins. Avez-vous des questions ou des id\u00e9es sur les diff\u00e9rentes possibilit\u00e9s ? N&rsquo;h\u00e9sitez pas \u00e0 contacter l&rsquo;un de nos conseillers d&rsquo;int\u00e9rieur sans engagement :<\/p>\n<p><a href=\"https:\/\/www.badwinkel.be\/contact\/\"><strong>Prendre un rendez-vous<\/strong><\/a><\/p>\n<p>Il n&rsquo;y a pas que les robinets qui peuvent \u00eatre personnalis\u00e9s, mais aussi les radiateurs, les meubles et bien d&rsquo;autres choses encore. &#8230;.[\/vc_column_text][\/vc_column][\/vc_row][vc_row][vc_column width=\u00a0\u00bb1\/2&Prime;][vc_single_image image=\u00a0\u00bb4385&Prime; img_size=\u00a0\u00bblarge\u00a0\u00bb onclick=\u00a0\u00bbimg_link_large\u00a0\u00bb][\/vc_column][vc_column width=\u00a0\u00bb1\/2&Prime;][vc_single_image image=\u00a0\u00bb4389&Prime; img_size=\u00a0\u00bblarge\u00a0\u00bb onclick=\u00a0\u00bbimg_link_large\u00a0\u00bb][vc_single_image image=\u00a0\u00bb4387&Prime; img_size=\u00a0\u00bb800&#215;620&Prime; onclick=\u00a0\u00bbimg_link_large\u00a0\u00bb][\/vc_column][\/vc_row][vc_row][vc_column][vc_column_text]Accessoires classiques<\/p>\n<p>Une salle de bains nostalgique a besoin d&rsquo;accessoires rustiques pour mettre en valeur son design. Un miroir de rasage classique, des crochets classiques avec un point de fixation en porcelaine dans la m\u00eame finition que les robinets tracent la ligne et cr\u00e9ent un design unifi\u00e9. M\u00eame le savon de douche et le shampooing sont log\u00e9s dans un porte-savon en porcelaine.<\/p>\n<p><a href=\"https:\/\/www.badwinkel.be\/producten\/badkameraccessoires\/\"><strong>Curieux de conna\u00eetre nos accessoires:<\/strong><\/a>[\/vc_column_text][\/vc_column][\/vc_row]<\/p>\n<\/section>","protected":false},"excerpt":{"rendered":"<p>[vc_row][vc_column width=\u00a0\u00bb1\/3&Prime;][vc_column_text] Salle de bain nostalgique &#8211; Ancienne maison Cette salle de bains rurale s&rsquo;inspire des bains nostalgiques et des thermes. Les anciens bains publics \u00e9taient des lieux de lavage publics pour l&rsquo;homme du peuple qui ne disposait g\u00e9n\u00e9ralement pas d&rsquo;installations sanitaires dans sa maison priv\u00e9e. Cette \u00e9volution s&rsquo;est accompagn\u00e9e d&rsquo;une plus grande attention port\u00e9e \u00e0 l&rsquo;hygi\u00e8ne et \u00e0 la sant\u00e9. Certains \u00e9tablissements de bains respiraient le luxe pur pour des bains prolong\u00e9s et, surtout, pour des contacts sociaux. Les&hellip;<\/p>\n","protected":false},"author":7,"featured_media":10609,"parent":5245,"menu_order":0,"comment_status":"closed","ping_status":"closed","template":"","meta":{"footnotes":""},"class_list":["post-5358","page","type-page","status-publish","has-post-thumbnail","hentry"],"yoast_head":"<!-- This site is optimized with the Yoast SEO plugin v27.3 - https:\/\/yoast.com\/product\/yoast-seo-wordpress\/ -->\n<title>Salle de bain nostalgique - Taps &amp; Baths<\/title>\n<meta name=\"description\" content=\"Optez pour une salle de bains nostalgique dans un style boudoir fran\u00e7ais ou avec un sol en \u00e9chiquier. Laissez-vous inspirer sur notre site web !\" \/>\n<meta name=\"robots\" content=\"index, follow, max-snippet:-1, max-image-preview:large, max-video-preview:-1\" \/>\n<link rel=\"canonical\" href=\"https:\/\/www.badwinkel.be\/fr\/projets\/salle-de-bain-rustique\/salle-de-bain-nostalgique\/salle-de-bain-nostalgique-2\/\" \/>\n<meta property=\"og:locale\" content=\"fr_FR\" \/>\n<meta property=\"og:type\" content=\"article\" \/>\n<meta property=\"og:title\" content=\"Salle de bain nostalgique - Taps &amp; Baths\" \/>\n<meta property=\"og:description\" content=\"Optez pour une salle de bains nostalgique dans un style boudoir fran\u00e7ais ou avec un sol en \u00e9chiquier. Laissez-vous inspirer sur notre site web !\" \/>\n<meta property=\"og:url\" content=\"https:\/\/www.badwinkel.be\/fr\/projets\/salle-de-bain-rustique\/salle-de-bain-nostalgique\/salle-de-bain-nostalgique-2\/\" \/>\n<meta property=\"og:site_name\" content=\"Taps &amp; Baths\" \/>\n<meta property=\"article:modified_time\" content=\"2023-02-21T14:58:30+00:00\" \/>\n<meta property=\"og:image\" content=\"https:\/\/www.badwinkel.be\/wp-content\/uploads\/2023\/02\/TapsBaths-2017A-052-scaled.jpg\" \/>\n\t<meta property=\"og:image:width\" content=\"1707\" \/>\n\t<meta property=\"og:image:height\" content=\"2560\" \/>\n\t<meta property=\"og:image:type\" content=\"image\/jpeg\" \/>\n<meta name=\"twitter:label1\" content=\"Dur\u00e9e de lecture estim\u00e9e\" \/>\n\t<meta name=\"twitter:data1\" content=\"4 minutes\" \/>\n<script type=\"application\/ld+json\" class=\"yoast-schema-graph\">{\"@context\":\"https:\\\/\\\/schema.org\",\"@graph\":[{\"@type\":\"WebPage\",\"@id\":\"https:\\\/\\\/www.badwinkel.be\\\/fr\\\/projets\\\/salle-de-bain-rustique\\\/salle-de-bain-nostalgique\\\/salle-de-bain-nostalgique-2\\\/\",\"url\":\"https:\\\/\\\/www.badwinkel.be\\\/fr\\\/projets\\\/salle-de-bain-rustique\\\/salle-de-bain-nostalgique\\\/salle-de-bain-nostalgique-2\\\/\",\"name\":\"Salle de bain nostalgique - Taps &amp; Baths\",\"isPartOf\":{\"@id\":\"https:\\\/\\\/www.badwinkel.be\\\/fr\\\/#website\"},\"primaryImageOfPage\":{\"@id\":\"https:\\\/\\\/www.badwinkel.be\\\/fr\\\/projets\\\/salle-de-bain-rustique\\\/salle-de-bain-nostalgique\\\/salle-de-bain-nostalgique-2\\\/#primaryimage\"},\"image\":{\"@id\":\"https:\\\/\\\/www.badwinkel.be\\\/fr\\\/projets\\\/salle-de-bain-rustique\\\/salle-de-bain-nostalgique\\\/salle-de-bain-nostalgique-2\\\/#primaryimage\"},\"thumbnailUrl\":\"https:\\\/\\\/www.badwinkel.be\\\/wp-content\\\/uploads\\\/2023\\\/02\\\/TapsBaths-2017A-052-scaled.jpg\",\"datePublished\":\"2021-06-24T13:02:32+00:00\",\"dateModified\":\"2023-02-21T14:58:30+00:00\",\"description\":\"Optez pour une salle de bains nostalgique dans un style boudoir fran\u00e7ais ou avec un sol en \u00e9chiquier. Laissez-vous inspirer sur notre site web !\",\"breadcrumb\":{\"@id\":\"https:\\\/\\\/www.badwinkel.be\\\/fr\\\/projets\\\/salle-de-bain-rustique\\\/salle-de-bain-nostalgique\\\/salle-de-bain-nostalgique-2\\\/#breadcrumb\"},\"inLanguage\":\"fr-FR\",\"potentialAction\":[{\"@type\":\"ReadAction\",\"target\":[\"https:\\\/\\\/www.badwinkel.be\\\/fr\\\/projets\\\/salle-de-bain-rustique\\\/salle-de-bain-nostalgique\\\/salle-de-bain-nostalgique-2\\\/\"]}]},{\"@type\":\"ImageObject\",\"inLanguage\":\"fr-FR\",\"@id\":\"https:\\\/\\\/www.badwinkel.be\\\/fr\\\/projets\\\/salle-de-bain-rustique\\\/salle-de-bain-nostalgique\\\/salle-de-bain-nostalgique-2\\\/#primaryimage\",\"url\":\"https:\\\/\\\/www.badwinkel.be\\\/wp-content\\\/uploads\\\/2023\\\/02\\\/TapsBaths-2017A-052-scaled.jpg\",\"contentUrl\":\"https:\\\/\\\/www.badwinkel.be\\\/wp-content\\\/uploads\\\/2023\\\/02\\\/TapsBaths-2017A-052-scaled.jpg\",\"width\":1707,\"height\":2560,\"caption\":\"duo douche in Franse stijl\"},{\"@type\":\"BreadcrumbList\",\"@id\":\"https:\\\/\\\/www.badwinkel.be\\\/fr\\\/projets\\\/salle-de-bain-rustique\\\/salle-de-bain-nostalgique\\\/salle-de-bain-nostalgique-2\\\/#breadcrumb\",\"itemListElement\":[{\"@type\":\"ListItem\",\"position\":1,\"name\":\"Home\",\"item\":\"https:\\\/\\\/www.badwinkel.be\\\/fr\\\/\"},{\"@type\":\"ListItem\",\"position\":2,\"name\":\"PROJETS\",\"item\":\"https:\\\/\\\/www.badwinkel.be\\\/fr\\\/projets\\\/\"},{\"@type\":\"ListItem\",\"position\":3,\"name\":\"Salle de bain rustique\",\"item\":\"https:\\\/\\\/www.badwinkel.be\\\/fr\\\/projets\\\/salle-de-bain-rustique\\\/\"},{\"@type\":\"ListItem\",\"position\":4,\"name\":\"Salle de bain nostalgique\",\"item\":\"https:\\\/\\\/www.badwinkel.be\\\/fr\\\/projets\\\/salle-de-bain-rustique\\\/salle-de-bain-nostalgique\\\/\"},{\"@type\":\"ListItem\",\"position\":5,\"name\":\"Salle de bain nostalgique\"}]},{\"@type\":\"WebSite\",\"@id\":\"https:\\\/\\\/www.badwinkel.be\\\/fr\\\/#website\",\"url\":\"https:\\\/\\\/www.badwinkel.be\\\/fr\\\/\",\"name\":\"Taps &amp; Baths\",\"description\":\"Traditional bathing and lifestyle equipment\",\"potentialAction\":[{\"@type\":\"SearchAction\",\"target\":{\"@type\":\"EntryPoint\",\"urlTemplate\":\"https:\\\/\\\/www.badwinkel.be\\\/fr\\\/?s={search_term_string}\"},\"query-input\":{\"@type\":\"PropertyValueSpecification\",\"valueRequired\":true,\"valueName\":\"search_term_string\"}}],\"inLanguage\":\"fr-FR\"}]}<\/script>\n<!-- \/ Yoast SEO plugin. -->","yoast_head_json":{"title":"Salle de bain nostalgique - Taps &amp; Baths","description":"Optez pour une salle de bains nostalgique dans un style boudoir fran\u00e7ais ou avec un sol en \u00e9chiquier. Laissez-vous inspirer sur notre site web !","robots":{"index":"index","follow":"follow","max-snippet":"max-snippet:-1","max-image-preview":"max-image-preview:large","max-video-preview":"max-video-preview:-1"},"canonical":"https:\/\/www.badwinkel.be\/fr\/projets\/salle-de-bain-rustique\/salle-de-bain-nostalgique\/salle-de-bain-nostalgique-2\/","og_locale":"fr_FR","og_type":"article","og_title":"Salle de bain nostalgique - Taps &amp; Baths","og_description":"Optez pour une salle de bains nostalgique dans un style boudoir fran\u00e7ais ou avec un sol en \u00e9chiquier. Laissez-vous inspirer sur notre site web !","og_url":"https:\/\/www.badwinkel.be\/fr\/projets\/salle-de-bain-rustique\/salle-de-bain-nostalgique\/salle-de-bain-nostalgique-2\/","og_site_name":"Taps &amp; Baths","article_modified_time":"2023-02-21T14:58:30+00:00","og_image":[{"width":1707,"height":2560,"url":"https:\/\/www.badwinkel.be\/wp-content\/uploads\/2023\/02\/TapsBaths-2017A-052-scaled.jpg","type":"image\/jpeg"}],"twitter_misc":{"Dur\u00e9e de lecture estim\u00e9e":"4 minutes"},"schema":{"@context":"https:\/\/schema.org","@graph":[{"@type":"WebPage","@id":"https:\/\/www.badwinkel.be\/fr\/projets\/salle-de-bain-rustique\/salle-de-bain-nostalgique\/salle-de-bain-nostalgique-2\/","url":"https:\/\/www.badwinkel.be\/fr\/projets\/salle-de-bain-rustique\/salle-de-bain-nostalgique\/salle-de-bain-nostalgique-2\/","name":"Salle de bain nostalgique - Taps &amp; Baths","isPartOf":{"@id":"https:\/\/www.badwinkel.be\/fr\/#website"},"primaryImageOfPage":{"@id":"https:\/\/www.badwinkel.be\/fr\/projets\/salle-de-bain-rustique\/salle-de-bain-nostalgique\/salle-de-bain-nostalgique-2\/#primaryimage"},"image":{"@id":"https:\/\/www.badwinkel.be\/fr\/projets\/salle-de-bain-rustique\/salle-de-bain-nostalgique\/salle-de-bain-nostalgique-2\/#primaryimage"},"thumbnailUrl":"https:\/\/www.badwinkel.be\/wp-content\/uploads\/2023\/02\/TapsBaths-2017A-052-scaled.jpg","datePublished":"2021-06-24T13:02:32+00:00","dateModified":"2023-02-21T14:58:30+00:00","description":"Optez pour une salle de bains nostalgique dans un style boudoir fran\u00e7ais ou avec un sol en \u00e9chiquier. Laissez-vous inspirer sur notre site web !","breadcrumb":{"@id":"https:\/\/www.badwinkel.be\/fr\/projets\/salle-de-bain-rustique\/salle-de-bain-nostalgique\/salle-de-bain-nostalgique-2\/#breadcrumb"},"inLanguage":"fr-FR","potentialAction":[{"@type":"ReadAction","target":["https:\/\/www.badwinkel.be\/fr\/projets\/salle-de-bain-rustique\/salle-de-bain-nostalgique\/salle-de-bain-nostalgique-2\/"]}]},{"@type":"ImageObject","inLanguage":"fr-FR","@id":"https:\/\/www.badwinkel.be\/fr\/projets\/salle-de-bain-rustique\/salle-de-bain-nostalgique\/salle-de-bain-nostalgique-2\/#primaryimage","url":"https:\/\/www.badwinkel.be\/wp-content\/uploads\/2023\/02\/TapsBaths-2017A-052-scaled.jpg","contentUrl":"https:\/\/www.badwinkel.be\/wp-content\/uploads\/2023\/02\/TapsBaths-2017A-052-scaled.jpg","width":1707,"height":2560,"caption":"duo douche in Franse stijl"},{"@type":"BreadcrumbList","@id":"https:\/\/www.badwinkel.be\/fr\/projets\/salle-de-bain-rustique\/salle-de-bain-nostalgique\/salle-de-bain-nostalgique-2\/#breadcrumb","itemListElement":[{"@type":"ListItem","position":1,"name":"Home","item":"https:\/\/www.badwinkel.be\/fr\/"},{"@type":"ListItem","position":2,"name":"PROJETS","item":"https:\/\/www.badwinkel.be\/fr\/projets\/"},{"@type":"ListItem","position":3,"name":"Salle de bain rustique","item":"https:\/\/www.badwinkel.be\/fr\/projets\/salle-de-bain-rustique\/"},{"@type":"ListItem","position":4,"name":"Salle de bain nostalgique","item":"https:\/\/www.badwinkel.be\/fr\/projets\/salle-de-bain-rustique\/salle-de-bain-nostalgique\/"},{"@type":"ListItem","position":5,"name":"Salle de bain nostalgique"}]},{"@type":"WebSite","@id":"https:\/\/www.badwinkel.be\/fr\/#website","url":"https:\/\/www.badwinkel.be\/fr\/","name":"Taps &amp; Baths","description":"Traditional bathing and lifestyle equipment","potentialAction":[{"@type":"SearchAction","target":{"@type":"EntryPoint","urlTemplate":"https:\/\/www.badwinkel.be\/fr\/?s={search_term_string}"},"query-input":{"@type":"PropertyValueSpecification","valueRequired":true,"valueName":"search_term_string"}}],"inLanguage":"fr-FR"}]}},"_links":{"self":[{"href":"https:\/\/www.badwinkel.be\/fr\/wp-json\/wp\/v2\/pages\/5358","targetHints":{"allow":["GET"]}}],"collection":[{"href":"https:\/\/www.badwinkel.be\/fr\/wp-json\/wp\/v2\/pages"}],"about":[{"href":"https:\/\/www.badwinkel.be\/fr\/wp-json\/wp\/v2\/types\/page"}],"author":[{"embeddable":true,"href":"https:\/\/www.badwinkel.be\/fr\/wp-json\/wp\/v2\/users\/7"}],"replies":[{"embeddable":true,"href":"https:\/\/www.badwinkel.be\/fr\/wp-json\/wp\/v2\/comments?post=5358"}],"version-history":[{"count":6,"href":"https:\/\/www.badwinkel.be\/fr\/wp-json\/wp\/v2\/pages\/5358\/revisions"}],"predecessor-version":[{"id":10623,"href":"https:\/\/www.badwinkel.be\/fr\/wp-json\/wp\/v2\/pages\/5358\/revisions\/10623"}],"up":[{"embeddable":true,"href":"https:\/\/www.badwinkel.be\/fr\/wp-json\/wp\/v2\/pages\/5245"}],"wp:featuredmedia":[{"embeddable":true,"href":"https:\/\/www.badwinkel.be\/fr\/wp-json\/wp\/v2\/media\/10609"}],"wp:attachment":[{"href":"https:\/\/www.badwinkel.be\/fr\/wp-json\/wp\/v2\/media?parent=5358"}],"curies":[{"name":"wp","href":"https:\/\/api.w.org\/{rel}","templated":true}]}}